{"id":67,"date":"2021-10-08T21:20:56","date_gmt":"2021-10-08T19:20:56","guid":{"rendered":"https:\/\/zxbenet.cz.uvirt114.active24.cz\/wagon\/?page_id=67"},"modified":"2021-10-15T10:26:09","modified_gmt":"2021-10-15T08:26:09","slug":"ueber-waggons","status":"publish","type":"page","link":"https:\/\/zxbenet.cz\/wagon\/de\/ueber-waggons\/","title":{"rendered":"\u00fcber Waggons"},"content":{"rendered":"\n<div class=\"wp-block-columns is-layout-flex wp-container-core-columns-is-layout-9d6595d7 wp-block-columns-is-layout-flex\">\n<div class=\"wp-block-column is-layout-flow wp-block-column-is-layout-flow\">\n<h2 class=\"wp-block-heading\">Eisenbahng\u00fcterwagen<\/h2>\n\n\n\n<p><strong><strong>Die Vermietung und Verpachtung von Eisenbahng\u00fcterwagen f\u00fcr den Betrieb im transeurop\u00e4ischen konventionellen Eisenbahnsystem ist eine der Hauptaktivit\u00e4ten ZX-Benet CZ s.r.o..<\/strong><\/strong><\/p>\n<\/div>\n<\/div>\n\n\n\n<div class=\"wp-block-columns is-layout-flex wp-container-core-columns-is-layout-9d6595d7 wp-block-columns-is-layout-flex\">\n<div class=\"wp-block-column is-layout-flow wp-block-column-is-layout-flow\">\n<h4 class=\"has-background wp-block-heading\" style=\"background-color:#f4f4f4\">Wagenpark<\/h4>\n\n\n\n<p>Wir verwenden sowohl unsere eigenen Wagens als auch Wagens von strategischen Partnern aus ganz Europa. Der Hauptindikator f\u00fcr den Bedarf an einzelnen Serien von Eisenbahng\u00fcterwagen ist nat\u00fcrlich der Kunde, der einen bestimmten Bedarf f\u00fcr den Transport verschiedener G\u00fcter hat.<\/p>\n<\/div>\n\n\n\n<div class=\"wp-block-column is-layout-flow wp-block-column-is-layout-flow\">\n<h4 class=\"has-background wp-block-heading\" style=\"background-color:#f4f4f4\">Wagenkatalog<\/h4>\n\n\n\n<p>\u00dcbersicht \u00fcber Wagens und deren technische Daten mit Beschreibung des Aufbaus, einschlie\u00dflich der M\u00f6glichkeit des Warentransports.<\/p>\n\n\n\n<div class=\"wp-block-buttons is-layout-flex wp-block-buttons-is-layout-flex\">\n<div class=\"wp-block-button has-custom-width wp-block-button__width-50 has-custom-font-size is-style-outline has-small-font-size is-style-outline--1\"><a class=\"wp-block-button__link has-pale-cyan-blue-color has-text-color\" href=\"https:\/\/zxbenet.cz\/wagon\/katalog\/\" style=\"border-radius:11px\">KATALOG<\/a><\/div>\n<\/div>\n<\/div>\n<\/div>\n\n\n\n<div class=\"wp-block-columns is-layout-flex wp-container-core-columns-is-layout-9d6595d7 wp-block-columns-is-layout-flex\">\n<div class=\"wp-block-column is-layout-flow wp-block-column-is-layout-flow\">\n<h4 class=\"has-background wp-block-heading\" style=\"background-color:#f4f4f4\">Service<\/h4>\n\n\n\n<p>Sicherstellung geplanter und ungeplanter Wartungen inklusive Serviceeins\u00e4tze durch eine mobile Werkstatt.<\/p>\n<\/div>\n\n\n\n<div class=\"wp-block-column is-layout-flow wp-block-column-is-layout-flow\">\n<h4 class=\"has-background wp-block-heading\" style=\"background-color:#f4f4f4\">ECM-Funktion<\/h4>\n\n\n\n<p>Gem\u00e4\u00df Richtlinie 2004\/49\/EG und Verordnung der EU-Kommission Nr. 445\/2011, Artikel Nr. 4, Abs\u00e4tze a) \u2013 c) bieten wir die Dienstleistung der Sicherstellung des Fahrzeugmanagements und der Abdeckung von ECM-Verpflichtungen an.<\/p>\n<\/div>\n<\/div>\n\n\n\n<div class=\"wp-block-columns is-layout-flex wp-container-core-columns-is-layout-9d6595d7 wp-block-columns-is-layout-flex\">\n<div class=\"wp-block-column is-layout-flow wp-block-column-is-layout-flow\">\n<h4 class=\"has-background wp-block-heading\" style=\"background-color:#f4f4f4\"><strong>Verkauf von Ersatzteilen<\/strong><\/h4>\n\n\n\n<p>Verkauf von alten oder neuen Ersatzteilen wie Rads\u00e4tze, Puffer, Drehgestelle, Kleinteile, Fu\u00dftritt, etc&#8230;<\/p>\n<\/div>\n\n\n\n<div class=\"wp-block-column is-layout-flow wp-block-column-is-layout-flow\">\n<h4 class=\"has-background wp-block-heading\" style=\"background-color:#f4f4f4\">Verkauf von Eisenbahnwagens<\/h4>\n\n\n\n<p>Verkauf gebrauchter Wagens, die die M\u00f6glichkeit des Weiterbetriebs auf dem transeurop\u00e4ischen konventionellen Schienensystem haben oder reiner Anschlussgleise.<\/p>\n<\/div>\n<\/div>\n","protected":false},"excerpt":{"rendered":"<p>Eisenbahng\u00fcterwagen Die Vermietung und Verpachtung von Eisenbahng\u00fcterwagen f\u00fcr den Betrieb im transeurop\u00e4ischen konventionellen Eisenbahnsystem ist eine der Hauptaktivit\u00e4ten ZX-Benet CZ s.r.o.. Wagenpark Wir verwenden sowohl unsere eigenen Wagens als auch Wagens von strategischen Partnern aus ganz Europa. Der Hauptindikator f\u00fcr den Bedarf an einzelnen Serien von Eisenbahng\u00fcterwagen ist nat\u00fcrlich der Kunde, der einen bestimmten Bedarf&hellip;<\/p>\n","protected":false},"author":1,"featured_media":0,"parent":0,"menu_order":0,"comment_status":"closed","ping_status":"closed","template":"","meta":{"footnotes":""},"class_list":["post-67","page","type-page","status-publish","hentry"],"_links":{"self":[{"href":"https:\/\/zxbenet.cz\/wagon\/wp-json\/wp\/v2\/pages\/67","targetHints":{"allow":["GET"]}}],"collection":[{"href":"https:\/\/zxbenet.cz\/wagon\/wp-json\/wp\/v2\/pages"}],"about":[{"href":"https:\/\/zxbenet.cz\/wagon\/wp-json\/wp\/v2\/types\/page"}],"author":[{"embeddable":true,"href":"https:\/\/zxbenet.cz\/wagon\/wp-json\/wp\/v2\/users\/1"}],"replies":[{"embeddable":true,"href":"https:\/\/zxbenet.cz\/wagon\/wp-json\/wp\/v2\/comments?post=67"}],"version-history":[{"count":6,"href":"https:\/\/zxbenet.cz\/wagon\/wp-json\/wp\/v2\/pages\/67\/revisions"}],"predecessor-version":[{"id":319,"href":"https:\/\/zxbenet.cz\/wagon\/wp-json\/wp\/v2\/pages\/67\/revisions\/319"}],"wp:attachment":[{"href":"https:\/\/zxbenet.cz\/wagon\/wp-json\/wp\/v2\/media?parent=67"}],"curies":[{"name":"wp","href":"https:\/\/api.w.org\/{rel}","templated":true}]}}