{"id":5201,"date":"2025-09-09T10:17:52","date_gmt":"2025-09-09T08:17:52","guid":{"rendered":"https:\/\/zxbenet.cz\/wagon\/?page_id=5201"},"modified":"2025-09-09T10:17:52","modified_gmt":"2025-09-09T08:17:52","slug":"id0002-eaos-bdz-2","status":"publish","type":"page","link":"https:\/\/zxbenet.cz\/wagon\/de\/id0002-eaos-bdz-2\/","title":{"rendered":"ID0002 Eaos BDZ"},"content":{"rendered":"\n<div class=\"wp-block-columns is-layout-flex wp-container-core-columns-is-layout-9d6595d7 wp-block-columns-is-layout-flex\">\n<div class=\"wp-block-column is-layout-flow wp-block-column-is-layout-flow\">\n<figure class=\"wp-block-image size-full\"><img loading=\"lazy\" decoding=\"async\" width=\"452\" height=\"281\" src=\"https:\/\/zxbenet.cz\/wagon\/wp-content\/uploads\/2025\/09\/002_BDZ.jpg\" alt=\"\" class=\"wp-image-5194\" srcset=\"https:\/\/zxbenet.cz\/wagon\/wp-content\/uploads\/2025\/09\/002_BDZ.jpg 452w, https:\/\/zxbenet.cz\/wagon\/wp-content\/uploads\/2025\/09\/002_BDZ-300x187.jpg 300w\" sizes=\"auto, (max-width: 452px) 100vw, 452px\" \/><\/figure>\n<\/div>\n\n\n\n<div class=\"wp-block-column is-layout-flow wp-block-column-is-layout-flow\">\n<p>Offene G\u00fcterwagen mit vier Rads\u00e4tzen. Der Wagenkasten ist als Schwei\u00dfkonstruktion mit 2000mm hohen Bordw\u00e4nden haben einen gr\u00f6\u00dferen Laderaum, zwei doppelfl\u00fcgeligen T\u00fcren auf jeder Seite und Stahlfu\u00dfboden ausgestattet. Die Wagen haben zweiachsigen Drehgestellen Bauart Y25Cs, Knorr-Bremse mit dem Bremszylinder 16\u201c und manuell Umstellvorrichtung \u201eG-P\u201c. Sie sind geeignet f\u00fcr die Bef\u00f6rderung vieler unterschiedlichster G\u00fcter sowohl in loser Sch\u00fcttung &#8211; Kohle, Erze, Steine als auch in St\u00fccken. Die Wagen entsprechend vollig transeurop\u00e4isches Netz.<\/p>\n<\/div>\n<\/div>\n\n\n\n<a  data-e-Disable-Page-Transition=\"true\" class=\"download-link download-button aligncenter\" title=\"\" href=\"https:\/\/zxbenet.cz\/wagon\/download\/5198\/?tmstv=1777156998\" rel=\"nofollow\" id=\"download-link-5198\" data-redirect=\"false\" >\n\tDownload &ldquo;ID0002DE Eaos BDZ&rdquo;\t<small>ID0002DE_Eaos_BDZ.pdf\t\t&ndash; Downloaded 25 times\t\t&ndash; 148,86 KB<\/small>\n<\/a>\n\n","protected":false},"excerpt":{"rendered":"<p>Offene G\u00fcterwagen mit vier Rads\u00e4tzen. Der Wagenkasten ist als Schwei\u00dfkonstruktion mit 2000mm hohen Bordw\u00e4nden haben einen gr\u00f6\u00dferen Laderaum, zwei doppelfl\u00fcgeligen T\u00fcren auf jeder Seite und Stahlfu\u00dfboden ausgestattet. Die Wagen haben zweiachsigen Drehgestellen Bauart Y25Cs, Knorr-Bremse mit dem Bremszylinder 16\u201c und manuell Umstellvorrichtung \u201eG-P\u201c. Sie sind geeignet f\u00fcr die Bef\u00f6rderung vieler unterschiedlichster G\u00fcter sowohl in loser&hellip;<\/p>\n","protected":false},"author":1,"featured_media":0,"parent":0,"menu_order":0,"comment_status":"closed","ping_status":"closed","template":"","meta":{"footnotes":""},"class_list":["post-5201","page","type-page","status-publish","hentry"],"_links":{"self":[{"href":"https:\/\/zxbenet.cz\/wagon\/wp-json\/wp\/v2\/pages\/5201","targetHints":{"allow":["GET"]}}],"collection":[{"href":"https:\/\/zxbenet.cz\/wagon\/wp-json\/wp\/v2\/pages"}],"about":[{"href":"https:\/\/zxbenet.cz\/wagon\/wp-json\/wp\/v2\/types\/page"}],"author":[{"embeddable":true,"href":"https:\/\/zxbenet.cz\/wagon\/wp-json\/wp\/v2\/users\/1"}],"replies":[{"embeddable":true,"href":"https:\/\/zxbenet.cz\/wagon\/wp-json\/wp\/v2\/comments?post=5201"}],"version-history":[{"count":1,"href":"https:\/\/zxbenet.cz\/wagon\/wp-json\/wp\/v2\/pages\/5201\/revisions"}],"predecessor-version":[{"id":5202,"href":"https:\/\/zxbenet.cz\/wagon\/wp-json\/wp\/v2\/pages\/5201\/revisions\/5202"}],"wp:attachment":[{"href":"https:\/\/zxbenet.cz\/wagon\/wp-json\/wp\/v2\/media?parent=5201"}],"curies":[{"name":"wp","href":"https:\/\/api.w.org\/{rel}","templated":true}]}}