{"id":5192,"date":"2025-09-09T10:12:21","date_gmt":"2025-09-09T08:12:21","guid":{"rendered":"https:\/\/zxbenet.cz\/wagon\/?page_id=5192"},"modified":"2025-09-09T10:16:38","modified_gmt":"2025-09-09T08:16:38","slug":"id0002-eaos-bdz","status":"publish","type":"page","link":"https:\/\/zxbenet.cz\/wagon\/id0002-eaos-bdz\/","title":{"rendered":"ID0002 Eaos BDZ"},"content":{"rendered":"\n<div class=\"wp-block-columns is-layout-flex wp-container-core-columns-is-layout-9d6595d7 wp-block-columns-is-layout-flex\">\n<div class=\"wp-block-column is-layout-flow wp-block-column-is-layout-flow\">\n<figure class=\"wp-block-image size-full\"><img loading=\"lazy\" decoding=\"async\" width=\"452\" height=\"281\" src=\"https:\/\/zxbenet.cz\/wagon\/wp-content\/uploads\/2025\/09\/002_BDZ.jpg\" alt=\"\" class=\"wp-image-5194\" srcset=\"https:\/\/zxbenet.cz\/wagon\/wp-content\/uploads\/2025\/09\/002_BDZ.jpg 452w, https:\/\/zxbenet.cz\/wagon\/wp-content\/uploads\/2025\/09\/002_BDZ-300x187.jpg 300w\" sizes=\"auto, (max-width: 452px) 100vw, 452px\" \/><\/figure>\n<\/div>\n\n\n\n<div class=\"wp-block-column is-layout-flow wp-block-column-is-layout-flow\">\n<p>Podvozkov\u00e9 n\u00e1kladn\u00ed vozy \u0159ady Eaos m\u00e1j\u00ed velk\u00fd \u00falo\u017en\u00fd prostor. Sk\u0159\u00ed\u0148 je na ka\u017ed\u00e9m boku vybaven\u00e1 dvojic\u00ed k\u0159\u00eddlov\u00fdch dve\u0159\u00ed a podlaha je ocelov\u00e1. Vozy m\u00e1j\u00ed dva dvoun\u00e1pravov\u00e9 podvozky typu Y25Cs. D\u00e1le jsou vybaveny tlakovou brzdou Knorr s jedn\u00edm brzdov\u00fdm v\u00e1lcem 16\u201c a manu\u00e1ln\u00edm p\u0159estavova\u010dem \u201ePr\u00e1zdn\u00fd\u2013Lo\u017een\u00fd\u201c. Vozy jsou vhodn\u00e9 pro p\u0159epravu mnoha rozli\u010dn\u00fdch sypk\u00fdch materi\u00e1l\u016f jako jsou &#8211; uhl\u00ed, ruda, \u0161t\u011brk, kamen\u00ed a kusov\u00e9ho zbo\u017e\u00ed. Vozy odpov\u00eddaj\u00ed provozu v transevropsk\u00e9m konven\u010dn\u00edm \u017eelezni\u010dn\u00edm syst\u00e9mu.<\/p>\n<\/div>\n<\/div>\n\n\n\n<a  data-e-Disable-Page-Transition=\"true\" class=\"download-link download-button aligncenter\" title=\"\" href=\"https:\/\/zxbenet.cz\/wagon\/download\/5189\/?tmstv=1777151134\" rel=\"nofollow\" id=\"download-link-5189\" data-redirect=\"false\" >\n\tDownload &ldquo;ID0002CZ Eaos BDZ&rdquo;\t<small>ID0002CZ_Eaos_BDZ.pdf\t\t&ndash; Downloaded 27 times\t\t&ndash; 161,25 KB<\/small>\n<\/a>\n\n","protected":false},"excerpt":{"rendered":"<p>Podvozkov\u00e9 n\u00e1kladn\u00ed vozy \u0159ady Eaos m\u00e1j\u00ed velk\u00fd \u00falo\u017en\u00fd prostor. Sk\u0159\u00ed\u0148 je na ka\u017ed\u00e9m boku vybaven\u00e1 dvojic\u00ed k\u0159\u00eddlov\u00fdch dve\u0159\u00ed a podlaha je ocelov\u00e1. Vozy m\u00e1j\u00ed dva dvoun\u00e1pravov\u00e9 podvozky typu Y25Cs. D\u00e1le jsou vybaveny tlakovou brzdou Knorr s jedn\u00edm brzdov\u00fdm v\u00e1lcem 16\u201c a manu\u00e1ln\u00edm p\u0159estavova\u010dem \u201ePr\u00e1zdn\u00fd\u2013Lo\u017een\u00fd\u201c. Vozy jsou vhodn\u00e9 pro p\u0159epravu mnoha rozli\u010dn\u00fdch sypk\u00fdch materi\u00e1l\u016f jako jsou&hellip;<\/p>\n","protected":false},"author":1,"featured_media":0,"parent":0,"menu_order":0,"comment_status":"closed","ping_status":"closed","template":"","meta":{"footnotes":""},"class_list":["post-5192","page","type-page","status-publish","hentry"],"_links":{"self":[{"href":"https:\/\/zxbenet.cz\/wagon\/wp-json\/wp\/v2\/pages\/5192","targetHints":{"allow":["GET"]}}],"collection":[{"href":"https:\/\/zxbenet.cz\/wagon\/wp-json\/wp\/v2\/pages"}],"about":[{"href":"https:\/\/zxbenet.cz\/wagon\/wp-json\/wp\/v2\/types\/page"}],"author":[{"embeddable":true,"href":"https:\/\/zxbenet.cz\/wagon\/wp-json\/wp\/v2\/users\/1"}],"replies":[{"embeddable":true,"href":"https:\/\/zxbenet.cz\/wagon\/wp-json\/wp\/v2\/comments?post=5192"}],"version-history":[{"count":3,"href":"https:\/\/zxbenet.cz\/wagon\/wp-json\/wp\/v2\/pages\/5192\/revisions"}],"predecessor-version":[{"id":5196,"href":"https:\/\/zxbenet.cz\/wagon\/wp-json\/wp\/v2\/pages\/5192\/revisions\/5196"}],"wp:attachment":[{"href":"https:\/\/zxbenet.cz\/wagon\/wp-json\/wp\/v2\/media?parent=5192"}],"curies":[{"name":"wp","href":"https:\/\/api.w.org\/{rel}","templated":true}]}}