{"id":5183,"date":"2025-09-09T09:47:00","date_gmt":"2025-09-09T07:47:00","guid":{"rendered":"https:\/\/zxbenet.cz\/wagon\/?page_id=5183"},"modified":"2025-09-09T10:23:54","modified_gmt":"2025-09-09T08:23:54","slug":"id0001-eaos-401wb-2","status":"publish","type":"page","link":"https:\/\/zxbenet.cz\/wagon\/de\/id0001-eaos-401wb-2\/","title":{"rendered":"ID0001 Eaos 401Wb"},"content":{"rendered":"\n<div class=\"wp-block-columns is-layout-flex wp-container-core-columns-is-layout-9d6595d7 wp-block-columns-is-layout-flex\">\n<div class=\"wp-block-column is-layout-flow wp-block-column-is-layout-flow\"><div class=\"wp-block-image\">\n<figure class=\"aligncenter size-full\"><img loading=\"lazy\" decoding=\"async\" width=\"454\" height=\"285\" src=\"https:\/\/zxbenet.cz\/wagon\/wp-content\/uploads\/2025\/09\/001_401Wb.jpg\" alt=\"\" class=\"wp-image-5178\" srcset=\"https:\/\/zxbenet.cz\/wagon\/wp-content\/uploads\/2025\/09\/001_401Wb.jpg 454w, https:\/\/zxbenet.cz\/wagon\/wp-content\/uploads\/2025\/09\/001_401Wb-300x188.jpg 300w\" sizes=\"auto, (max-width: 454px) 100vw, 454px\" \/><\/figure>\n<\/div><\/div>\n\n\n\n<div class=\"wp-block-column is-layout-flow wp-block-column-is-layout-flow\">\n<p>Offene G\u00fcterwagen mit vier Rads\u00e4tzen. Der Wagenkasten ist als Schwei\u00dfkonstruktion mit 2000mm hohen Bordw\u00e4nden haben einen gr\u00f6\u00dferen Laderaum, zwei doppelfl\u00fcgeligen T\u00fcren auf jeder Seite und Stahlfu\u00dfboden ausgestattet. Die Wagen haben zweiachsigen Drehgestellen Bauart 1XTa, Knorr-Bremse mit dem Bremszylinder 16\u201c und manuell Umstellvorrichtung \u201eG-P\u201c. Sie sind geeignet f\u00fcr die Bef\u00f6rderung vieler unterschiedlichster G\u00fcter sowohl in loser Sch\u00fcttung &#8211; Kohle, Erze, Steine als auch in St\u00fccken. Die Wagen entsprechend vollig transeurop\u00e4isches Netz.<\/p>\n<\/div>\n<\/div>\n\n\n\n<a  data-e-Disable-Page-Transition=\"true\" class=\"download-link download-button aligncenter\" title=\"\" href=\"https:\/\/zxbenet.cz\/wagon\/download\/5165\/?tmstv=1777157534\" rel=\"nofollow\" id=\"download-link-5165\" data-redirect=\"false\" >\n\tDownload &ldquo;ID0001DE Eaos 401Wb&rdquo;\t<small>ID0001DE_Eaos_401Wb.pdf\t\t&ndash; Downloaded 18 times\t\t&ndash; 133,15 KB<\/small>\n<\/a>\n\n","protected":false},"excerpt":{"rendered":"<p>Offene G\u00fcterwagen mit vier Rads\u00e4tzen. Der Wagenkasten ist als Schwei\u00dfkonstruktion mit 2000mm hohen Bordw\u00e4nden haben einen gr\u00f6\u00dferen Laderaum, zwei doppelfl\u00fcgeligen T\u00fcren auf jeder Seite und Stahlfu\u00dfboden ausgestattet. Die Wagen haben zweiachsigen Drehgestellen Bauart 1XTa, Knorr-Bremse mit dem Bremszylinder 16\u201c und manuell Umstellvorrichtung \u201eG-P\u201c. Sie sind geeignet f\u00fcr die Bef\u00f6rderung vieler unterschiedlichster G\u00fcter sowohl in loser&hellip;<\/p>\n","protected":false},"author":1,"featured_media":0,"parent":0,"menu_order":0,"comment_status":"closed","ping_status":"closed","template":"","meta":{"footnotes":""},"class_list":["post-5183","page","type-page","status-publish","hentry"],"_links":{"self":[{"href":"https:\/\/zxbenet.cz\/wagon\/wp-json\/wp\/v2\/pages\/5183","targetHints":{"allow":["GET"]}}],"collection":[{"href":"https:\/\/zxbenet.cz\/wagon\/wp-json\/wp\/v2\/pages"}],"about":[{"href":"https:\/\/zxbenet.cz\/wagon\/wp-json\/wp\/v2\/types\/page"}],"author":[{"embeddable":true,"href":"https:\/\/zxbenet.cz\/wagon\/wp-json\/wp\/v2\/users\/1"}],"replies":[{"embeddable":true,"href":"https:\/\/zxbenet.cz\/wagon\/wp-json\/wp\/v2\/comments?post=5183"}],"version-history":[{"count":2,"href":"https:\/\/zxbenet.cz\/wagon\/wp-json\/wp\/v2\/pages\/5183\/revisions"}],"predecessor-version":[{"id":5216,"href":"https:\/\/zxbenet.cz\/wagon\/wp-json\/wp\/v2\/pages\/5183\/revisions\/5216"}],"wp:attachment":[{"href":"https:\/\/zxbenet.cz\/wagon\/wp-json\/wp\/v2\/media?parent=5183"}],"curies":[{"name":"wp","href":"https:\/\/api.w.org\/{rel}","templated":true}]}}