{"id":5142,"date":"2025-09-08T11:21:20","date_gmt":"2025-09-08T09:21:20","guid":{"rendered":"https:\/\/zxbenet.cz\/wagon\/?page_id=5142"},"modified":"2025-09-08T12:26:51","modified_gmt":"2025-09-08T10:26:51","slug":"katalog-zeleznicnich-vozu","status":"publish","type":"page","link":"https:\/\/zxbenet.cz\/wagon\/katalog-zeleznicnich-vozu\/","title":{"rendered":"Katalog \u017eelezni\u010dn\u00edch voz\u016f"},"content":{"rendered":"\n<table id=\"tablepress-11\" class=\"tablepress tablepress-id-11\">\n<thead>\n<tr class=\"row-1\">\n\t<th class=\"column-1\">ID<\/th><th class=\"column-2\">Serie<\/th><th class=\"column-3\">Typ<\/th><th class=\"column-4\">Typov\u00fd list<\/th>\n<\/tr>\n<\/thead>\n<tbody class=\"row-striping row-hover\">\n<tr class=\"row-2\">\n\t<td class=\"column-1\">1<\/td><td class=\"column-2\">Eaos<\/td><td class=\"column-3\">401Wb<\/td><td class=\"column-4\"><strong><a href=\"https:\/\/zxbenet.cz\/wagon\/id0001-eaos-401wb\/\" target=\"_blank\">ID0001 Eaos 401Wb<\/a><\/strong><\/td>\n<\/tr>\n<tr class=\"row-3\">\n\t<td class=\"column-1\">2<\/td><td class=\"column-2\">Eaos<\/td><td class=\"column-3\">BD\u017d<\/td><td class=\"column-4\"><strong><a href=\"https:\/\/zxbenet.cz\/wagon\/id0002-eaos-bdz\/\" target=\"_blank\">ID0002 Eaos BDZ<\/a><\/strong><\/td>\n<\/tr>\n<tr class=\"row-4\">\n\t<td class=\"column-1\">3<\/td><td class=\"column-2\">Eaos<\/td><td class=\"column-3\">CFR<\/td><td class=\"column-4\"><\/td>\n<\/tr>\n<tr class=\"row-5\">\n\t<td class=\"column-1\">4<\/td><td class=\"column-2\">Eaos<\/td><td class=\"column-3\">HR<\/td><td class=\"column-4\"><\/td>\n<\/tr>\n<tr class=\"row-6\">\n\t<td class=\"column-1\">5<\/td><td class=\"column-2\">Fals<\/td><td class=\"column-3\">BA075<\/td><td class=\"column-4\"><\/td>\n<\/tr>\n<tr class=\"row-7\">\n\t<td class=\"column-1\">6<\/td><td class=\"column-2\">Fals<\/td><td class=\"column-3\">BA090<\/td><td class=\"column-4\"><\/td>\n<\/tr>\n<tr class=\"row-8\">\n\t<td class=\"column-1\">9<\/td><td class=\"column-2\">Regmms<\/td><td class=\"column-3\">356BG<\/td><td class=\"column-4\"><\/td>\n<\/tr>\n<tr class=\"row-9\">\n\t<td class=\"column-1\">10<\/td><td class=\"column-2\">Rmms<\/td><td class=\"column-3\">395RO<\/td><td class=\"column-4\"><\/td>\n<\/tr>\n<tr class=\"row-10\">\n\t<td class=\"column-1\">11<\/td><td class=\"column-2\">Rmms<\/td><td class=\"column-3\">9-216.0<\/td><td class=\"column-4\"><\/td>\n<\/tr>\n<tr class=\"row-11\">\n\t<td class=\"column-1\">12<\/td><td class=\"column-2\">Smmps<\/td><td class=\"column-3\">5-438.6<\/td><td class=\"column-4\"><\/td>\n<\/tr>\n<tr class=\"row-12\">\n\t<td class=\"column-1\">13<\/td><td class=\"column-2\">Sgmms<\/td><td class=\"column-3\">472gBG<\/td><td class=\"column-4\"><\/td>\n<\/tr>\n<tr class=\"row-13\">\n\t<td class=\"column-1\">14<\/td><td class=\"column-2\">Rmms<\/td><td class=\"column-3\">BA662<\/td><td class=\"column-4\"><\/td>\n<\/tr>\n<tr class=\"row-14\">\n\t<td class=\"column-1\">16<\/td><td class=\"column-2\">Eaos<\/td><td class=\"column-3\">1415A3<\/td><td class=\"column-4\"><\/td>\n<\/tr>\n<tr class=\"row-15\">\n\t<td class=\"column-1\">18<\/td><td class=\"column-2\">Eanos<\/td><td class=\"column-3\">RVG01.00<\/td><td class=\"column-4\"><\/td>\n<\/tr>\n<tr class=\"row-16\">\n\t<td class=\"column-1\">36<\/td><td class=\"column-2\">Eas-x<\/td><td class=\"column-3\">5958<\/td><td class=\"column-4\"><\/td>\n<\/tr>\n<tr class=\"row-17\">\n\t<td class=\"column-1\">39<\/td><td class=\"column-2\">Eaos<\/td><td class=\"column-3\">1415A2-Pt<\/td><td class=\"column-4\"><\/td>\n<\/tr>\n<tr class=\"row-18\">\n\t<td class=\"column-1\">44<\/td><td class=\"column-2\">Smmps<\/td><td class=\"column-3\">472BG<\/td><td class=\"column-4\"><\/td>\n<\/tr>\n<tr class=\"row-19\">\n\t<td class=\"column-1\">50<\/td><td class=\"column-2\">Smmps<\/td><td class=\"column-3\">5-438.7<\/td><td class=\"column-4\"><\/td>\n<\/tr>\n<tr class=\"row-20\">\n\t<td class=\"column-1\">51<\/td><td class=\"column-2\">Eaos<\/td><td class=\"column-3\">BD\u017d\/Z<\/td><td class=\"column-4\"><\/td>\n<\/tr>\n<tr class=\"row-21\">\n\t<td class=\"column-1\">65<\/td><td class=\"column-2\">Eaos<\/td><td class=\"column-3\">9.530.0<\/td><td class=\"column-4\"><\/td>\n<\/tr>\n<tr class=\"row-22\">\n\t<td class=\"column-1\">66<\/td><td class=\"column-2\">Eaos<\/td><td class=\"column-3\">LT1-0.00.000-2<\/td><td class=\"column-4\"><\/td>\n<\/tr>\n<tr class=\"row-23\">\n\t<td class=\"column-1\">69<\/td><td class=\"column-2\">Eaos<\/td><td class=\"column-3\">HRrek<\/td><td class=\"column-4\"><\/td>\n<\/tr>\n<tr class=\"row-24\">\n\t<td class=\"column-1\">71<\/td><td class=\"column-2\">Smmps<\/td><td class=\"column-3\">3.1-3587<\/td><td class=\"column-4\"><\/td>\n<\/tr>\n<\/tbody>\n<\/table>\n<!-- #tablepress-11 from cache -->","protected":false},"excerpt":{"rendered":"","protected":false},"author":1,"featured_media":0,"parent":0,"menu_order":0,"comment_status":"closed","ping_status":"closed","template":"","meta":{"footnotes":""},"class_list":["post-5142","page","type-page","status-publish","hentry"],"_links":{"self":[{"href":"https:\/\/zxbenet.cz\/wagon\/wp-json\/wp\/v2\/pages\/5142","targetHints":{"allow":["GET"]}}],"collection":[{"href":"https:\/\/zxbenet.cz\/wagon\/wp-json\/wp\/v2\/pages"}],"about":[{"href":"https:\/\/zxbenet.cz\/wagon\/wp-json\/wp\/v2\/types\/page"}],"author":[{"embeddable":true,"href":"https:\/\/zxbenet.cz\/wagon\/wp-json\/wp\/v2\/users\/1"}],"replies":[{"embeddable":true,"href":"https:\/\/zxbenet.cz\/wagon\/wp-json\/wp\/v2\/comments?post=5142"}],"version-history":[{"count":2,"href":"https:\/\/zxbenet.cz\/wagon\/wp-json\/wp\/v2\/pages\/5142\/revisions"}],"predecessor-version":[{"id":5151,"href":"https:\/\/zxbenet.cz\/wagon\/wp-json\/wp\/v2\/pages\/5142\/revisions\/5151"}],"wp:attachment":[{"href":"https:\/\/zxbenet.cz\/wagon\/wp-json\/wp\/v2\/media?parent=5142"}],"curies":[{"name":"wp","href":"https:\/\/api.w.org\/{rel}","templated":true}]}}