{"id":327,"date":"2021-10-18T07:25:44","date_gmt":"2021-10-18T05:25:44","guid":{"rendered":"https:\/\/zxbenet.cz\/wagon\/?page_id=327"},"modified":"2023-02-16T15:28:17","modified_gmt":"2023-02-16T14:28:17","slug":"servis","status":"publish","type":"page","link":"https:\/\/zxbenet.cz\/wagon\/servis\/","title":{"rendered":"Servis"},"content":{"rendered":"\n<p style=\"font-size:30px\">Zaji\u0161t\u011bn\u00ed servisu, reviz\u00ed a drobn\u00fdch oprav<\/p>\n\n\n\n<p>Prim\u00e1rn\u011b opravy zaji\u0161\u0165ujeme vlastn\u00ed opravnou <strong>\u015al\u0105skie Zaplecze Remontowe sp. z o.o.<\/strong>, ale vyu\u017e\u00edv\u00e1me i extern\u00ed spole\u010dnosti.<\/p>\n\n\n\n<div class=\"wp-block-buttons is-layout-flex wp-block-buttons-is-layout-flex\">\n<div class=\"wp-block-button has-custom-font-size is-style-outline has-small-font-size is-style-outline--1\"><a class=\"wp-block-button__link has-pale-cyan-blue-color has-text-color wp-element-button\" href=\"http:\/\/szrprzezchlebie.com.pl\/\" style=\"border-radius:11px\">  <strong>\u015al\u0105skie Zaplecze Remontowe sp. z o.o.<\/strong> <\/a><\/div>\n<\/div>\n","protected":false},"excerpt":{"rendered":"<p>Zaji\u0161t\u011bn\u00ed servisu, reviz\u00ed a drobn\u00fdch oprav Prim\u00e1rn\u011b opravy zaji\u0161\u0165ujeme vlastn\u00ed opravnou \u015al\u0105skie Zaplecze Remontowe sp. z o.o., ale vyu\u017e\u00edv\u00e1me i extern\u00ed spole\u010dnosti.<\/p>\n","protected":false},"author":1,"featured_media":0,"parent":0,"menu_order":0,"comment_status":"closed","ping_status":"closed","template":"","meta":{"footnotes":""},"class_list":["post-327","page","type-page","status-publish","hentry"],"_links":{"self":[{"href":"https:\/\/zxbenet.cz\/wagon\/wp-json\/wp\/v2\/pages\/327","targetHints":{"allow":["GET"]}}],"collection":[{"href":"https:\/\/zxbenet.cz\/wagon\/wp-json\/wp\/v2\/pages"}],"about":[{"href":"https:\/\/zxbenet.cz\/wagon\/wp-json\/wp\/v2\/types\/page"}],"author":[{"embeddable":true,"href":"https:\/\/zxbenet.cz\/wagon\/wp-json\/wp\/v2\/users\/1"}],"replies":[{"embeddable":true,"href":"https:\/\/zxbenet.cz\/wagon\/wp-json\/wp\/v2\/comments?post=327"}],"version-history":[{"count":9,"href":"https:\/\/zxbenet.cz\/wagon\/wp-json\/wp\/v2\/pages\/327\/revisions"}],"predecessor-version":[{"id":572,"href":"https:\/\/zxbenet.cz\/wagon\/wp-json\/wp\/v2\/pages\/327\/revisions\/572"}],"wp:attachment":[{"href":"https:\/\/zxbenet.cz\/wagon\/wp-json\/wp\/v2\/media?parent=327"}],"curies":[{"name":"wp","href":"https:\/\/api.w.org\/{rel}","templated":true}]}}