{"id":30,"date":"2021-10-05T15:03:22","date_gmt":"2021-10-05T13:03:22","guid":{"rendered":"http:\/\/zxbenet.cz.uvirt114.active24.cz\/vozy\/?page_id=30"},"modified":"2023-02-16T15:38:02","modified_gmt":"2023-02-16T14:38:02","slug":"uvod","status":"publish","type":"page","link":"https:\/\/zxbenet.cz\/wagon\/","title":{"rendered":"\u00davod"},"content":{"rendered":"\n<div class=\"wp-block-columns is-layout-flex wp-container-core-columns-is-layout-9d6595d7 wp-block-columns-is-layout-flex\">\n<div class=\"wp-block-column is-layout-flow wp-block-column-is-layout-flow\">\n<h2 class=\"wp-block-heading\">\u017delezni\u010dn\u00edch n\u00e1kladn\u00ed vozy<\/h2>\n\n\n\n<p><strong>N\u00e1jem a pron\u00e1jem \u017eelezni\u010dn\u00edch n\u00e1kladn\u00edch voz\u016f pro provoz v transevropsk\u00e9m konven\u010dn\u00edm \u017eelezni\u010dn\u00edm syst\u00e9mu je jednou z hlavn\u00edch \u010dinnost\u00ed spole\u010dnosti ZX-Benet CZ s.r.o..<\/strong><\/p>\n<\/div>\n<\/div>\n\n\n\n<div class=\"wp-block-columns is-layout-flex wp-container-core-columns-is-layout-9d6595d7 wp-block-columns-is-layout-flex\">\n<div class=\"wp-block-column is-layout-flow wp-block-column-is-layout-flow\">\n<h4 class=\"has-background wp-block-heading\" style=\"background-color:#f4f4f4\">Vozov\u00fd park<\/h4>\n\n\n\n<p>Vyu\u017e\u00edv\u00e1me jak vlastn\u00edch voz\u016f, tak i voz\u016f od strategick\u00fdch partner\u016f z cel\u00e9 Evropy. Hlavn\u00edm ukazatelem pot\u0159eby jednotliv\u00fdch \u0159ad \u017eelezni\u010dn\u00edch n\u00e1kladn\u00ed voz\u016f je samoz\u0159ejm\u011b z\u00e1kazn\u00edk, kter\u00fd m\u00e1 jist\u00e9 pot\u0159eby p\u0159epravy r\u016fzn\u00e9ho zbo\u017e\u00ed.<\/p>\n<\/div>\n\n\n\n<div class=\"wp-block-column is-layout-flow wp-block-column-is-layout-flow\">\n<h4 class=\"has-background wp-block-heading\" style=\"background-color:#f4f4f4\">Katalog voz\u016f<\/h4>\n\n\n\n<p>P\u0159ehled voz\u016f a jejich technick\u00e1 data s popisem konstrukce v\u010detn\u011b mo\u017enosti p\u0159epravy zbo\u017e\u00ed.<\/p>\n\n\n\n<div class=\"wp-block-buttons is-layout-flex wp-block-buttons-is-layout-flex\">\n<div class=\"wp-block-button has-custom-width wp-block-button__width-50 has-custom-font-size is-style-outline has-small-font-size is-style-outline--1\"><a class=\"wp-block-button__link has-pale-cyan-blue-color has-text-color wp-element-button\" href=\"https:\/\/zxbenet.cz\/wagon\/katalog\/\" style=\"border-radius:11px\">KATALOG<\/a><\/div>\n<\/div>\n<\/div>\n<\/div>\n\n\n\n<div class=\"wp-block-columns is-layout-flex wp-container-core-columns-is-layout-9d6595d7 wp-block-columns-is-layout-flex\">\n<div class=\"wp-block-column is-layout-flow wp-block-column-is-layout-flow\">\n<h4 class=\"has-background wp-block-heading\" style=\"background-color:#f4f4f4\">Servis<\/h4>\n\n\n\n<p>Zaji\u0161t\u011bn\u00ed pl\u00e1novan\u00e9 a nepl\u00e1novan\u00e9 \u00fadr\u017eby v\u010detn\u011b servisn\u00edch z\u00e1sah\u016f poj\u00edzdnou d\u00edlnou.<\/p>\n\n\n\n<div class=\"wp-block-buttons is-layout-flex wp-block-buttons-is-layout-flex\">\n<div class=\"wp-block-button has-custom-width wp-block-button__width-50 has-custom-font-size is-style-outline has-small-font-size is-style-outline--2\"><a class=\"wp-block-button__link has-pale-cyan-blue-color has-text-color wp-element-button\" href=\"https:\/\/zxbenet.cz\/wagon\/servis\/\" style=\"border-radius:11px\">O zji\u0161t\u011bn\u00ed oprav v\u00edce&#8230;<\/a><\/div>\n<\/div>\n<\/div>\n\n\n\n<div class=\"wp-block-column is-layout-flow wp-block-column-is-layout-flow\">\n<h4 class=\"has-background wp-block-heading\" style=\"background-color:#f4f4f4\">Funkce ECM<\/h4>\n\n\n\n<p>V souladu se sm\u011brnic\u00ed 2004\/49\/ES a Na\u0159\u00edzen\u00edm komise EU \u010d. 445\/2011, \u010dl\u00e1nek \u010d. 4, odstavec a) &#8211; c) nab\u00edz\u00edme slu\u017ebu zaji\u0161t\u011bn\u00ed spr\u00e1vy voz\u016f a kryt\u00ed povinnost\u00ed ECM.<\/p>\n<\/div>\n<\/div>\n\n\n\n<div class=\"wp-block-columns is-layout-flex wp-container-core-columns-is-layout-9d6595d7 wp-block-columns-is-layout-flex\">\n<div class=\"wp-block-column is-layout-flow wp-block-column-is-layout-flow\">\n<h4 class=\"has-background wp-block-heading\" style=\"background-color:#f4f4f4\">Prodej n\u00e1hradn\u00edch d\u00edl\u016f<\/h4>\n\n\n\n<p>Prodej staropot\u0159ebn\u00fdch nebo nov\u00fdch n\u00e1hradn\u00edch d\u00edl\u016f jako jsou nap\u0159. dvojkol\u00ed, n\u00e1razn\u00edky, t\u00e1hlov\u00e9 \u00fastroj\u00ed, drobn\u00e9 d\u00edly podvozk\u016f nebo cel\u00e9 podvozky, stupa\u010dky atd..<\/p>\n\n\n\n<div class=\"wp-block-buttons is-layout-flex wp-block-buttons-is-layout-flex\">\n<div class=\"wp-block-button has-custom-width wp-block-button__width-50 has-custom-font-size is-style-outline has-small-font-size is-style-outline--3\"><a class=\"wp-block-button__link has-pale-cyan-blue-color has-text-color wp-element-button\" href=\"https:\/\/zxbenet.cz\/wagon\/nahradni-dily\/\" style=\"border-radius:11px\">Seznam n\u00e1hradn\u00edch d\u00edl\u016f k prodeji&#8230;.<\/a><\/div>\n<\/div>\n<\/div>\n\n\n\n<div class=\"wp-block-column is-layout-flow wp-block-column-is-layout-flow\">\n<h4 class=\"has-background wp-block-heading\" style=\"background-color:#f4f4f4\">Prodej \u017eelezni\u010dn\u00edch voz\u016f<\/h4>\n\n\n\n<p>Prodej staropot\u0159ebn\u00fdch voz\u016f, kter\u00e9 maj\u00ed mo\u017enost dal\u0161\u00edho provozu v transevropsk\u00e9m konven\u010dn\u00edm \u017eelezni\u010dn\u00edm syst\u00e9mu nebo voz\u016f ur\u010den\u00fdch \u010dist\u011b pro vle\u010dkov\u00fd provoz.<\/p>\n\n\n\n<div class=\"wp-block-buttons is-layout-flex wp-block-buttons-is-layout-flex\">\n<div class=\"wp-block-button has-custom-width wp-block-button__width-50 has-custom-font-size is-style-outline has-small-font-size is-style-outline--4\"><a class=\"wp-block-button__link has-pale-cyan-blue-color has-text-color wp-element-button\" href=\"https:\/\/zxbenet.cz\/wagon\/zeleznicni-vozy-k-prodeji\/\" style=\"border-radius:11px\">Seznam \u017eelezni\u010dn\u00edch voz\u016f k prodeji&#8230;.<\/a><\/div>\n<\/div>\n<\/div>\n<\/div>\n","protected":false},"excerpt":{"rendered":"<p>\u017delezni\u010dn\u00edch n\u00e1kladn\u00ed vozy N\u00e1jem a pron\u00e1jem \u017eelezni\u010dn\u00edch n\u00e1kladn\u00edch voz\u016f pro provoz v transevropsk\u00e9m konven\u010dn\u00edm \u017eelezni\u010dn\u00edm syst\u00e9mu je jednou z hlavn\u00edch \u010dinnost\u00ed spole\u010dnosti ZX-Benet CZ s.r.o.. Vozov\u00fd park Vyu\u017e\u00edv\u00e1me jak vlastn\u00edch voz\u016f, tak i voz\u016f od strategick\u00fdch partner\u016f z cel\u00e9 Evropy. Hlavn\u00edm ukazatelem pot\u0159eby jednotliv\u00fdch \u0159ad \u017eelezni\u010dn\u00edch n\u00e1kladn\u00ed voz\u016f je samoz\u0159ejm\u011b z\u00e1kazn\u00edk, kter\u00fd m\u00e1 jist\u00e9 pot\u0159eby&hellip;<\/p>\n","protected":false},"author":1,"featured_media":0,"parent":0,"menu_order":0,"comment_status":"closed","ping_status":"closed","template":"","meta":{"footnotes":""},"class_list":["post-30","page","type-page","status-publish","hentry"],"_links":{"self":[{"href":"https:\/\/zxbenet.cz\/wagon\/wp-json\/wp\/v2\/pages\/30","targetHints":{"allow":["GET"]}}],"collection":[{"href":"https:\/\/zxbenet.cz\/wagon\/wp-json\/wp\/v2\/pages"}],"about":[{"href":"https:\/\/zxbenet.cz\/wagon\/wp-json\/wp\/v2\/types\/page"}],"author":[{"embeddable":true,"href":"https:\/\/zxbenet.cz\/wagon\/wp-json\/wp\/v2\/users\/1"}],"replies":[{"embeddable":true,"href":"https:\/\/zxbenet.cz\/wagon\/wp-json\/wp\/v2\/comments?post=30"}],"version-history":[{"count":28,"href":"https:\/\/zxbenet.cz\/wagon\/wp-json\/wp\/v2\/pages\/30\/revisions"}],"predecessor-version":[{"id":584,"href":"https:\/\/zxbenet.cz\/wagon\/wp-json\/wp\/v2\/pages\/30\/revisions\/584"}],"wp:attachment":[{"href":"https:\/\/zxbenet.cz\/wagon\/wp-json\/wp\/v2\/media?parent=30"}],"curies":[{"name":"wp","href":"https:\/\/api.w.org\/{rel}","templated":true}]}}