{"id":226,"date":"2021-10-14T10:25:57","date_gmt":"2021-10-14T08:25:57","guid":{"rendered":"https:\/\/zxbenet.cz\/wagon\/?page_id=226"},"modified":"2023-02-16T15:36:36","modified_gmt":"2023-02-16T14:36:36","slug":"nahradni-dily","status":"publish","type":"page","link":"https:\/\/zxbenet.cz\/wagon\/nahradni-dily\/","title":{"rendered":"N\u00e1hradn\u00ed d\u00edly k prodeji"},"content":{"rendered":"\n<table id=\"tablepress-1\" class=\"tablepress tablepress-id-1\">\n<thead>\n<tr class=\"row-1\">\n\t<th class=\"column-1\">N\u00e1zev <\/th><th class=\"column-2\">Ozna\u010den\u00ed<\/th><th class=\"column-3\">Sklad<\/th><th class=\"column-4\">Specifikace<\/th>\n<\/tr>\n<\/thead>\n<tbody class=\"row-striping row-hover\">\n<tr class=\"row-2\">\n\t<td class=\"column-1\"><\/td><td class=\"column-2\"><\/td><td class=\"column-3\"><\/td><td class=\"column-4\"><\/td>\n<\/tr>\n<tr class=\"row-3\">\n\t<td class=\"column-1\"><\/td><td class=\"column-2\"><\/td><td class=\"column-3\"><\/td><td class=\"column-4\"><\/td>\n<\/tr>\n<tr class=\"row-4\">\n\t<td class=\"column-1\"><\/td><td class=\"column-2\"><\/td><td class=\"column-3\"><\/td><td class=\"column-4\"><\/td>\n<\/tr>\n<\/tbody>\n<tfoot>\n<tr class=\"row-5\">\n\t<td class=\"column-1\"><\/td><td class=\"column-2\"><\/td><td class=\"column-3\"><\/td><td class=\"column-4\"><\/td>\n<\/tr>\n<\/tfoot>\n<\/table>\n<!-- #tablepress-1 from cache -->\n","protected":false},"excerpt":{"rendered":"","protected":false},"author":1,"featured_media":0,"parent":0,"menu_order":0,"comment_status":"closed","ping_status":"closed","template":"","meta":{"footnotes":""},"class_list":["post-226","page","type-page","status-publish","hentry"],"_links":{"self":[{"href":"https:\/\/zxbenet.cz\/wagon\/wp-json\/wp\/v2\/pages\/226","targetHints":{"allow":["GET"]}}],"collection":[{"href":"https:\/\/zxbenet.cz\/wagon\/wp-json\/wp\/v2\/pages"}],"about":[{"href":"https:\/\/zxbenet.cz\/wagon\/wp-json\/wp\/v2\/types\/page"}],"author":[{"embeddable":true,"href":"https:\/\/zxbenet.cz\/wagon\/wp-json\/wp\/v2\/users\/1"}],"replies":[{"embeddable":true,"href":"https:\/\/zxbenet.cz\/wagon\/wp-json\/wp\/v2\/comments?post=226"}],"version-history":[{"count":3,"href":"https:\/\/zxbenet.cz\/wagon\/wp-json\/wp\/v2\/pages\/226\/revisions"}],"predecessor-version":[{"id":583,"href":"https:\/\/zxbenet.cz\/wagon\/wp-json\/wp\/v2\/pages\/226\/revisions\/583"}],"wp:attachment":[{"href":"https:\/\/zxbenet.cz\/wagon\/wp-json\/wp\/v2\/media?parent=226"}],"curies":[{"name":"wp","href":"https:\/\/api.w.org\/{rel}","templated":true}]}}