{"id":167,"date":"2021-10-11T13:19:18","date_gmt":"2021-10-11T11:19:18","guid":{"rendered":"https:\/\/zxbenet.cz\/wagon\/?page_id=167"},"modified":"2021-10-15T10:28:48","modified_gmt":"2021-10-15T08:28:48","slug":"strona-glowna","status":"publish","type":"page","link":"https:\/\/zxbenet.cz\/wagon\/pl\/strona-glowna\/","title":{"rendered":"Strona g\u0142\u00f3wna"},"content":{"rendered":"\n<div class=\"wp-block-columns is-layout-flex wp-container-core-columns-is-layout-9d6595d7 wp-block-columns-is-layout-flex\">\n<div class=\"wp-block-column is-layout-flow wp-block-column-is-layout-flow\">\n<h2 class=\"wp-block-heading\">Wagony kolejowe<\/h2>\n\n\n\n<p><strong><strong>Wynajem i dzier\u017cawa kolejowych wagon\u00f3w towarowych do eksploatacji w transeuropejskim systemie koleji konwencjonalnych jest jedn\u0105 z g\u0142\u00f3wnych dzia\u0142alno\u015bci ZX-Benet CZ s.r.o ..<\/strong><\/strong><\/p>\n<\/div>\n<\/div>\n\n\n\n<div class=\"wp-block-columns is-layout-flex wp-container-core-columns-is-layout-9d6595d7 wp-block-columns-is-layout-flex\">\n<div class=\"wp-block-column is-layout-flow wp-block-column-is-layout-flow\">\n<h4 class=\"has-background wp-block-heading\" style=\"background-color:#f4f4f4\">Flota wagon\u00f3w<\/h4>\n\n\n\n<p>Korzystamy zar\u00f3wno z wagon\u00f3w w\u0142asnych, jak i wagon\u00f3w strategicznych partner\u00f3w w ca\u0142ej Europie. G\u0142\u00f3wnym wska\u017anikiem zapotrzebowania na poszczeg\u00f3lne serie wagon\u00f3w towarowych jest oczywi\u015bcie klient, kt\u00f3ry ma specyficzne zapotrzebowanie na przew\u00f3z r\u00f3\u017cnych towar\u00f3w.<\/p>\n<\/div>\n\n\n\n<div class=\"wp-block-column is-layout-flow wp-block-column-is-layout-flow\">\n<h4 class=\"has-background wp-block-heading\" style=\"background-color:#f4f4f4\">Katalog wagon\u00f3w<\/h4>\n\n\n\n<p>Przegl\u0105d wagon\u00f3w i ich danych technicznych wraz z opisem konstrukcji, w tym mo\u017cliwo\u015bci przewozu towar\u00f3w.<\/p>\n\n\n\n<div class=\"wp-block-buttons is-layout-flex wp-block-buttons-is-layout-flex\">\n<div class=\"wp-block-button has-custom-width wp-block-button__width-50 has-custom-font-size is-style-outline has-small-font-size is-style-outline--1\"><a class=\"wp-block-button__link has-pale-cyan-blue-color has-text-color\" href=\"https:\/\/zxbenet.cz\/wagon\/pl\/katalog-wagonow-kolejowych\/\" style=\"border-radius:11px\">KATALOG<\/a><\/div>\n<\/div>\n\n\n\n<p><\/p>\n<\/div>\n<\/div>\n\n\n\n<div class=\"wp-block-columns is-layout-flex wp-container-core-columns-is-layout-9d6595d7 wp-block-columns-is-layout-flex\">\n<div class=\"wp-block-column is-layout-flow wp-block-column-is-layout-flow\">\n<h4 class=\"has-background wp-block-heading\" style=\"background-color:#f4f4f4\">Us\u0142uga<\/h4>\n\n\n\n<p>Zapewnienie planowanej i nieplanowanej konserwacji, w tym wezwania mobilnego serwisu.<\/p>\n<\/div>\n\n\n\n<div class=\"wp-block-column is-layout-flow wp-block-column-is-layout-flow\">\n<h4 class=\"has-background wp-block-heading\" style=\"background-color:#f4f4f4\">Funkcja ECM<\/h4>\n\n\n\n<p>Zgodnie z Dyrektyw\u0105 2004\/49\/WE oraz Rozporz\u0105dzeniem Komisji UE nr 445\/2011 art. 4 ust. a) &#8211; c) oferujemy us\u0142ug\u0119 zapewnienia zarz\u0105dzania pojazdami oraz pokrycia zobowi\u0105za\u0144 ECM.<\/p>\n<\/div>\n<\/div>\n\n\n\n<div class=\"wp-block-columns is-layout-flex wp-container-core-columns-is-layout-9d6595d7 wp-block-columns-is-layout-flex\">\n<div class=\"wp-block-column is-layout-flow wp-block-column-is-layout-flow\">\n<h4 class=\"has-background wp-block-heading\" style=\"background-color:#f4f4f4\">Sprzeda\u017c cz\u0119\u015bci zamiennych<\/h4>\n\n\n\n<p>Sprzeda\u017c starych lub nowych cz\u0119\u015bci zamiennych takich jak zestawy ko\u0142owe, zderzaki, drobne cz\u0119\u015bci podwozia lub ca\u0142e podwozie itp&#8230;<\/p>\n<\/div>\n\n\n\n<div class=\"wp-block-column is-layout-flow wp-block-column-is-layout-flow\">\n<h4 class=\"has-background wp-block-heading\" style=\"background-color:#f4f4f4\">Sprzeda\u017c wagon\u00f3w kolejowych<\/h4>\n\n\n\n<p>Sprzeda\u017c u\u017cywanych wagon\u00f3w, kt\u00f3re maj\u0105 mo\u017cliwo\u015b\u0107 kontynuowania jazdy po transeuropejskim systemie koleji konwencjonalnych lub czystych bocznicach.<\/p>\n<\/div>\n<\/div>\n","protected":false},"excerpt":{"rendered":"<p>Wagony kolejowe Wynajem i dzier\u017cawa kolejowych wagon\u00f3w towarowych do eksploatacji w transeuropejskim systemie koleji konwencjonalnych jest jedn\u0105 z g\u0142\u00f3wnych dzia\u0142alno\u015bci ZX-Benet CZ s.r.o .. Flota wagon\u00f3w Korzystamy zar\u00f3wno z wagon\u00f3w w\u0142asnych, jak i wagon\u00f3w strategicznych partner\u00f3w w ca\u0142ej Europie. G\u0142\u00f3wnym wska\u017anikiem zapotrzebowania na poszczeg\u00f3lne serie wagon\u00f3w towarowych jest oczywi\u015bcie klient, kt\u00f3ry ma specyficzne zapotrzebowanie na&hellip;<\/p>\n","protected":false},"author":1,"featured_media":0,"parent":0,"menu_order":0,"comment_status":"closed","ping_status":"closed","template":"","meta":{"footnotes":""},"class_list":["post-167","page","type-page","status-publish","hentry"],"_links":{"self":[{"href":"https:\/\/zxbenet.cz\/wagon\/wp-json\/wp\/v2\/pages\/167","targetHints":{"allow":["GET"]}}],"collection":[{"href":"https:\/\/zxbenet.cz\/wagon\/wp-json\/wp\/v2\/pages"}],"about":[{"href":"https:\/\/zxbenet.cz\/wagon\/wp-json\/wp\/v2\/types\/page"}],"author":[{"embeddable":true,"href":"https:\/\/zxbenet.cz\/wagon\/wp-json\/wp\/v2\/users\/1"}],"replies":[{"embeddable":true,"href":"https:\/\/zxbenet.cz\/wagon\/wp-json\/wp\/v2\/comments?post=167"}],"version-history":[{"count":9,"href":"https:\/\/zxbenet.cz\/wagon\/wp-json\/wp\/v2\/pages\/167\/revisions"}],"predecessor-version":[{"id":311,"href":"https:\/\/zxbenet.cz\/wagon\/wp-json\/wp\/v2\/pages\/167\/revisions\/311"}],"wp:attachment":[{"href":"https:\/\/zxbenet.cz\/wagon\/wp-json\/wp\/v2\/media?parent=167"}],"curies":[{"name":"wp","href":"https:\/\/api.w.org\/{rel}","templated":true}]}}