{"id":161,"date":"2021-10-11T12:50:33","date_gmt":"2021-10-11T10:50:33","guid":{"rendered":"https:\/\/zxbenet.cz\/wagon\/?page_id=161"},"modified":"2021-10-15T10:08:16","modified_gmt":"2021-10-15T08:08:16","slug":"kontakte","status":"publish","type":"page","link":"https:\/\/zxbenet.cz\/wagon\/de\/kontakte\/","title":{"rendered":"Kontakte"},"content":{"rendered":"\n<div class=\"wp-block-columns is-layout-flex wp-container-core-columns-is-layout-9d6595d7 wp-block-columns-is-layout-flex\">\n<div class=\"wp-block-column is-layout-flow wp-block-column-is-layout-flow\">\n<p>Adresse:<\/p>\n<\/div>\n\n\n\n<div class=\"wp-block-column is-layout-flow wp-block-column-is-layout-flow\">\n<h4 class=\"wp-block-heading\"><em>ZX-BENET CZ s.r.o.<\/em><\/h4>\n\n\n\n<h4 class=\"wp-block-heading\"><em>Odd\u011blen\u00ed vozov\u00e9ho parku<\/em><\/h4>\n\n\n\n<h4 class=\"wp-block-heading\"><em>Doln\u00ed 404<\/em><\/h4>\n\n\n\n<h4 class=\"wp-block-heading\"><em>CZ 747 15 \u0160ilhe\u0159ovice<\/em><\/h4>\n\n\n\n<p><\/p>\n\n\n\n<h4 class=\"wp-block-heading\"><em>E-mail: zxbenet@zxbenet.cz<\/em><\/h4>\n<\/div>\n<\/div>\n\n\n\n<div class=\"wp-block-columns is-layout-flex wp-container-core-columns-is-layout-9d6595d7 wp-block-columns-is-layout-flex\">\n<div class=\"wp-block-column is-layout-flow wp-block-column-is-layout-flow\">\n<p>Gesch\u00e4ftsabteilung:<\/p>\n<\/div>\n\n\n\n<div class=\"wp-block-column is-layout-flow wp-block-column-is-layout-flow\">\n<p><strong>Petr Ber\u00e1nek<\/strong>&nbsp; <\/p>\n\n\n\n<p>Handels-und Technischer Direktor<\/p>\n\n\n\n<p>Telefon: <strong><em>+420-773-608-458<\/em><\/strong><br>E-mail: <strong><em>beranek@zxbenet.cz<\/em><\/strong><\/p>\n<\/div>\n<\/div>\n\n\n\n<div class=\"wp-block-columns is-layout-flex wp-container-core-columns-is-layout-9d6595d7 wp-block-columns-is-layout-flex\">\n<div class=\"wp-block-column is-layout-flow wp-block-column-is-layout-flow\">\n<p>Technische Abteilung:<\/p>\n<\/div>\n\n\n\n<div class=\"wp-block-column is-layout-flow wp-block-column-is-layout-flow\">\n<p><strong>Tom\u00e1\u0161 Dihel<\/strong> <\/p>\n\n\n\n<p>Techniker<\/p>\n\n\n\n<p>Telefon: <strong><em>+420-773-608-457<\/em><\/strong><br>E-mail: <strong><em>ecm@zxbenet.cz<\/em><\/strong><\/p>\n<\/div>\n<\/div>\n","protected":false},"excerpt":{"rendered":"<p>Adresse: ZX-BENET CZ s.r.o. Odd\u011blen\u00ed vozov\u00e9ho parku Doln\u00ed 404 CZ 747 15 \u0160ilhe\u0159ovice E-mail: zxbenet@zxbenet.cz Gesch\u00e4ftsabteilung: Petr Ber\u00e1nek&nbsp; Handels-und Technischer Direktor Telefon: +420-773-608-458E-mail: beranek@zxbenet.cz Technische Abteilung: Tom\u00e1\u0161 Dihel Techniker Telefon: +420-773-608-457E-mail: ecm@zxbenet.cz<\/p>\n","protected":false},"author":1,"featured_media":0,"parent":0,"menu_order":0,"comment_status":"closed","ping_status":"closed","template":"","meta":{"footnotes":""},"class_list":["post-161","page","type-page","status-publish","hentry"],"_links":{"self":[{"href":"https:\/\/zxbenet.cz\/wagon\/wp-json\/wp\/v2\/pages\/161","targetHints":{"allow":["GET"]}}],"collection":[{"href":"https:\/\/zxbenet.cz\/wagon\/wp-json\/wp\/v2\/pages"}],"about":[{"href":"https:\/\/zxbenet.cz\/wagon\/wp-json\/wp\/v2\/types\/page"}],"author":[{"embeddable":true,"href":"https:\/\/zxbenet.cz\/wagon\/wp-json\/wp\/v2\/users\/1"}],"replies":[{"embeddable":true,"href":"https:\/\/zxbenet.cz\/wagon\/wp-json\/wp\/v2\/comments?post=161"}],"version-history":[{"count":2,"href":"https:\/\/zxbenet.cz\/wagon\/wp-json\/wp\/v2\/pages\/161\/revisions"}],"predecessor-version":[{"id":316,"href":"https:\/\/zxbenet.cz\/wagon\/wp-json\/wp\/v2\/pages\/161\/revisions\/316"}],"wp:attachment":[{"href":"https:\/\/zxbenet.cz\/wagon\/wp-json\/wp\/v2\/media?parent=161"}],"curies":[{"name":"wp","href":"https:\/\/api.w.org\/{rel}","templated":true}]}}