{"id":147,"date":"2021-10-11T12:32:10","date_gmt":"2021-10-11T10:32:10","guid":{"rendered":"https:\/\/zxbenet.cz\/wagon\/?page_id=147"},"modified":"2023-02-16T10:07:23","modified_gmt":"2023-02-16T09:07:23","slug":"kontakty","status":"publish","type":"page","link":"https:\/\/zxbenet.cz\/wagon\/kontakty\/","title":{"rendered":"Kontakty"},"content":{"rendered":"\n<div class=\"wp-block-columns is-layout-flex wp-container-core-columns-is-layout-9d6595d7 wp-block-columns-is-layout-flex\">\n<div class=\"wp-block-column is-layout-flow wp-block-column-is-layout-flow\">\n<p>Adresa:<\/p>\n<\/div>\n\n\n\n<div class=\"wp-block-column is-layout-flow wp-block-column-is-layout-flow\">\n<h4 class=\"wp-block-heading\"><em>ZX-BENET CZ s.r.o.<\/em><\/h4>\n\n\n\n<h4 class=\"wp-block-heading\"><em>Odd\u011blen\u00ed vozov\u00e9ho parku<\/em><\/h4>\n\n\n\n<h4 class=\"wp-block-heading\"><em>Doln\u00ed 404<\/em><\/h4>\n\n\n\n<h4 class=\"wp-block-heading\"><em>CZ 747 15 \u0160ilhe\u0159ovice<\/em><\/h4>\n\n\n\n<p><\/p>\n\n\n\n<h4 class=\"wp-block-heading\"><em>E-mail: zxbenet@zxbenet.cz<\/em><\/h4>\n<\/div>\n<\/div>\n\n\n\n<div class=\"wp-block-columns is-layout-flex wp-container-core-columns-is-layout-9d6595d7 wp-block-columns-is-layout-flex\">\n<div class=\"wp-block-column is-layout-flow wp-block-column-is-layout-flow\">\n<p>Obchodn\u00ed odd\u011blen\u00ed:<\/p>\n<\/div>\n\n\n\n<div class=\"wp-block-column is-layout-flow wp-block-column-is-layout-flow\">\n<p><strong>Petr Ber\u00e1nek<\/strong>&nbsp; <\/p>\n\n\n\n<p>Obchodn\u011b technick\u00fd \u0159editel<\/p>\n\n\n\n<p>Telefon: <strong><em>+420-773-608-458<\/em><\/strong><br>E-mail: <strong><em>beranek@zxbenet.cz<\/em><\/strong><\/p>\n<\/div>\n<\/div>\n\n\n\n<div class=\"wp-block-columns is-layout-flex wp-container-core-columns-is-layout-9d6595d7 wp-block-columns-is-layout-flex\">\n<div class=\"wp-block-column is-layout-flow wp-block-column-is-layout-flow\">\n<p>Technick\u00e9 odd\u011blen\u00ed:<\/p>\n<\/div>\n\n\n\n<div class=\"wp-block-column is-layout-flow wp-block-column-is-layout-flow\">\n<p><strong>Tom\u00e1\u0161 Dihel<\/strong> <\/p>\n\n\n\n<p>Technik<\/p>\n\n\n\n<p>Telefon: <strong><em>+420-773-608-457<\/em><\/strong><br>E-mail: <strong><em>ecm@zxbenet.cz<\/em><\/strong><\/p>\n<\/div>\n<\/div>\n","protected":false},"excerpt":{"rendered":"<p>Adresa: ZX-BENET CZ s.r.o. Odd\u011blen\u00ed vozov\u00e9ho parku Doln\u00ed 404 CZ 747 15 \u0160ilhe\u0159ovice E-mail: zxbenet@zxbenet.cz Obchodn\u00ed odd\u011blen\u00ed: Petr Ber\u00e1nek&nbsp; Obchodn\u011b technick\u00fd \u0159editel Telefon: +420-773-608-458E-mail: beranek@zxbenet.cz Technick\u00e9 odd\u011blen\u00ed: Tom\u00e1\u0161 Dihel Technik Telefon: +420-773-608-457E-mail: ecm@zxbenet.cz<\/p>\n","protected":false},"author":1,"featured_media":0,"parent":0,"menu_order":0,"comment_status":"closed","ping_status":"closed","template":"","meta":{"footnotes":""},"class_list":["post-147","page","type-page","status-publish","hentry"],"_links":{"self":[{"href":"https:\/\/zxbenet.cz\/wagon\/wp-json\/wp\/v2\/pages\/147","targetHints":{"allow":["GET"]}}],"collection":[{"href":"https:\/\/zxbenet.cz\/wagon\/wp-json\/wp\/v2\/pages"}],"about":[{"href":"https:\/\/zxbenet.cz\/wagon\/wp-json\/wp\/v2\/types\/page"}],"author":[{"embeddable":true,"href":"https:\/\/zxbenet.cz\/wagon\/wp-json\/wp\/v2\/users\/1"}],"replies":[{"embeddable":true,"href":"https:\/\/zxbenet.cz\/wagon\/wp-json\/wp\/v2\/comments?post=147"}],"version-history":[{"count":13,"href":"https:\/\/zxbenet.cz\/wagon\/wp-json\/wp\/v2\/pages\/147\/revisions"}],"predecessor-version":[{"id":314,"href":"https:\/\/zxbenet.cz\/wagon\/wp-json\/wp\/v2\/pages\/147\/revisions\/314"}],"wp:attachment":[{"href":"https:\/\/zxbenet.cz\/wagon\/wp-json\/wp\/v2\/media?parent=147"}],"curies":[{"name":"wp","href":"https:\/\/api.w.org\/{rel}","templated":true}]}}