{"id":7,"date":"2021-10-12T11:11:03","date_gmt":"2021-10-12T09:11:03","guid":{"rendered":"https:\/\/zxbenet.cz\/transrapid\/?page_id=7"},"modified":"2021-10-19T08:53:30","modified_gmt":"2021-10-19T06:53:30","slug":"kontakt","status":"publish","type":"page","link":"https:\/\/zxbenet.cz\/transrapid\/kontakt\/","title":{"rendered":"Kontakt"},"content":{"rendered":"\n<div class=\"wp-block-columns is-layout-flex wp-container-core-columns-is-layout-9d6595d7 wp-block-columns-is-layout-flex\">\n<div class=\"wp-block-column is-layout-flow wp-block-column-is-layout-flow\">\n<p class=\"has-vivid-cyan-blue-color has-text-color\"><strong>Adresa:<\/strong><\/p>\n<\/div>\n\n\n\n<div class=\"wp-block-column is-layout-flow wp-block-column-is-layout-flow\">\n<p class=\"has-pale-cyan-blue-color has-text-color\"><strong>Trans Rapid s.r.o.<\/strong><\/p>\n\n\n\n<p>Po\u010dernick\u00e1 272\/96,  <\/p>\n\n\n\n<p>108 00 Praha 10, Male\u0161ice,<\/p>\n<\/div>\n<\/div>\n\n\n\n<hr class=\"wp-block-separator\"\/>\n\n\n\n<div class=\"wp-block-columns is-layout-flex wp-container-core-columns-is-layout-9d6595d7 wp-block-columns-is-layout-flex\">\n<div class=\"wp-block-column is-layout-flow wp-block-column-is-layout-flow\">\n<p class=\"has-vivid-cyan-blue-color has-text-color\"><strong>Obchod:<\/strong><\/p>\n<\/div>\n\n\n\n<div class=\"wp-block-column is-layout-flow wp-block-column-is-layout-flow\">\n<p class=\"has-pale-cyan-blue-color has-text-color\"><strong>Ing. Lenka Zwyrtkov\u00e1<\/strong><\/p>\n\n\n\n<p>Telefon: +420 774 441 975<\/p>\n\n\n\n<p>E-mail: trans-rapid@trans-rapid.cz<\/p>\n<\/div>\n<\/div>\n\n\n\n<hr class=\"wp-block-separator\"\/>\n\n\n\n<div class=\"wp-block-columns is-layout-flex wp-container-core-columns-is-layout-9d6595d7 wp-block-columns-is-layout-flex\">\n<div class=\"wp-block-column is-layout-flow wp-block-column-is-layout-flow\">\n<p class=\"has-vivid-cyan-blue-color has-text-color\"><strong>Provoz:<\/strong><\/p>\n<\/div>\n\n\n\n<div class=\"wp-block-column is-layout-flow wp-block-column-is-layout-flow\">\n<p class=\"has-pale-cyan-blue-color has-text-color\"><strong>Jan Tvrd\u00fd<\/strong><\/p>\n\n\n\n<p>Telefon: +420 737 236 986<\/p>\n\n\n\n<p>E-mail: office@trans-rapid.cz<\/p>\n<\/div>\n<\/div>\n","protected":false},"excerpt":{"rendered":"<p>Adresa: Trans Rapid s.r.o. Po\u010dernick\u00e1 272\/96, 108 00 Praha 10, Male\u0161ice, Obchod: Ing. Lenka Zwyrtkov\u00e1 Telefon: +420 774 441 975 E-mail: trans-rapid@trans-rapid.cz Provoz: Jan Tvrd\u00fd Telefon: +420 737 236 986 E-mail: office@trans-rapid.cz<\/p>\n","protected":false},"author":1,"featured_media":0,"parent":0,"menu_order":0,"comment_status":"closed","ping_status":"closed","template":"","meta":{"footnotes":""},"class_list":["post-7","page","type-page","status-publish"],"_links":{"self":[{"href":"https:\/\/zxbenet.cz\/transrapid\/wp-json\/wp\/v2\/pages\/7","targetHints":{"allow":["GET"]}}],"collection":[{"href":"https:\/\/zxbenet.cz\/transrapid\/wp-json\/wp\/v2\/pages"}],"about":[{"href":"https:\/\/zxbenet.cz\/transrapid\/wp-json\/wp\/v2\/types\/page"}],"author":[{"embeddable":true,"href":"https:\/\/zxbenet.cz\/transrapid\/wp-json\/wp\/v2\/users\/1"}],"replies":[{"embeddable":true,"href":"https:\/\/zxbenet.cz\/transrapid\/wp-json\/wp\/v2\/comments?post=7"}],"version-history":[{"count":10,"href":"https:\/\/zxbenet.cz\/transrapid\/wp-json\/wp\/v2\/pages\/7\/revisions"}],"predecessor-version":[{"id":97,"href":"https:\/\/zxbenet.cz\/transrapid\/wp-json\/wp\/v2\/pages\/7\/revisions\/97"}],"wp:attachment":[{"href":"https:\/\/zxbenet.cz\/transrapid\/wp-json\/wp\/v2\/media?parent=7"}],"curies":[{"name":"wp","href":"https:\/\/api.w.org\/{rel}","templated":true}]}}