{"id":21,"date":"2021-10-12T11:15:34","date_gmt":"2021-10-12T09:15:34","guid":{"rendered":"https:\/\/zxbenet.cz\/transrapid\/home\/"},"modified":"2024-04-23T09:04:36","modified_gmt":"2024-04-23T07:04:36","slug":"home","status":"publish","type":"page","link":"https:\/\/zxbenet.cz\/transrapid\/","title":{"rendered":"Home"},"content":{"rendered":"\n<p>Od po\u010d\u00e1tku p\u0159eva\u017eovala orientace na \u017eelezni\u010dn\u00ed spedici a p\u0159epravu kusov\u00fdch z\u00e1silek. Postupn\u011b se p\u0159idala nejen vlastn\u00ed vnitrost\u00e1tn\u00ed i mezin\u00e1rodn\u00ed  \u017eelezni\u010dn\u00ed  n\u00e1kladn\u00ed doprava kusov\u00fdch z\u00e1silek, ale tak\u00e9 pravideln\u00e9 z\u00e1silky v\u011bt\u0161\u00edho objemu! <\/p>\n\n\n\n<p>V sou\u010dasn\u00e9 dob\u011b je hlavn\u00ed \u010dinnost kompletn\u00ed \u0159e\u0161en\u00ed dopravn\u00edch projekt\u016f mezin\u00e1rodn\u00ed i vnitrost\u00e1tn\u00ed v\u010detn\u011b p\u0159epravn\u00edch povolen\u00ed.<\/p>\n\n\n\n<div class=\"wp-block-columns are-vertically-aligned-top is-layout-flex wp-container-core-columns-is-layout-9d6595d7 wp-block-columns-is-layout-flex\">\n<div class=\"wp-block-column is-vertically-aligned-top has-vivid-green-cyan-color has-text-color is-layout-flow wp-block-column-is-layout-flow\">\n<h2 class=\"has-text-align-center has-white-color has-pale-cyan-blue-background-color has-text-color has-background wp-block-heading\">Na\u0161e slu\u017eby<\/h2>\n\n\n\n<h2 class=\"has-text-align-center has-pale-cyan-blue-color has-text-color wp-block-heading\">\u017delezni\u010dn\u00ed doprava a spedice<\/h2>\n\n\n\n<p class=\"has-text-align-center has-pale-cyan-blue-color has-text-color\"><strong>V t\u00e9to oblasti nab\u00edz\u00edme n\u00e1sleduj\u00edc\u00ed slu\u017eby a \u010dinnosti:<\/strong><\/p>\n<\/div>\n\n\n\n<div class=\"wp-block-column is-vertically-aligned-top is-layout-flow wp-block-column-is-layout-flow\">\n<ul class=\"has-vivid-cyan-blue-color has-text-color wp-block-list\"><li>\u017eelezni\u010dn\u00ed dopravu mezin\u00e1rodn\u00ed a vnitrost\u00e1tn\u00ed<\/li><li>p\u0159epravu nadrozm\u011brn\u00fdch n\u00e1klad\u016f a mimo\u0159\u00e1dn\u00fdch z\u00e1silek<\/li><li>\u0159e\u0161en\u00ed kompletn\u00edch dopravn\u00edch projekt\u016f v\u010detn\u011b p\u0159epravn\u00edch povolen\u00ed<\/li><li>spedi\u010dn\u00ed slu\u017eby &#8211; \u017eelezni\u010dn\u00ed a silni\u010dn\u00ed<\/li><li>optimalizaci ulo\u017een\u00ed n\u00e1kladu na dopravn\u00ed prost\u0159edky<\/li><li>p\u0159ekl\u00e1dku zbo\u017e\u00ed z voz\u016f \u0161irok\u00e9ho rozchodu<\/li><li>p\u0159epravu zbo\u017e\u00ed v kontejnerech<\/li><li>pron\u00e1jem \u017eelezni\u010dn\u00edch voz\u016f a lokomotiv<\/li><\/ul>\n<\/div>\n<\/div>\n","protected":false},"excerpt":{"rendered":"<p>Od po\u010d\u00e1tku p\u0159eva\u017eovala orientace na \u017eelezni\u010dn\u00ed spedici a p\u0159epravu kusov\u00fdch z\u00e1silek. Postupn\u011b se p\u0159idala nejen vlastn\u00ed vnitrost\u00e1tn\u00ed i mezin\u00e1rodn\u00ed \u017eelezni\u010dn\u00ed n\u00e1kladn\u00ed doprava kusov\u00fdch z\u00e1silek, ale tak\u00e9 pravideln\u00e9 z\u00e1silky v\u011bt\u0161\u00edho objemu! V sou\u010dasn\u00e9 dob\u011b je hlavn\u00ed \u010dinnost kompletn\u00ed \u0159e\u0161en\u00ed dopravn\u00edch projekt\u016f mezin\u00e1rodn\u00ed i vnitrost\u00e1tn\u00ed v\u010detn\u011b p\u0159epravn\u00edch povolen\u00ed. Na\u0161e slu\u017eby \u017delezni\u010dn\u00ed doprava a spedice V t\u00e9to oblasti nab\u00edz\u00edme n\u00e1sleduj\u00edc\u00ed slu\u017eby a \u010dinnosti: \u017eelezni\u010dn\u00ed dopravu mezin\u00e1rodn\u00ed a vnitrost\u00e1tn\u00ed p\u0159epravu nadrozm\u011brn\u00fdch n\u00e1klad\u016f a mimo\u0159\u00e1dn\u00fdch z\u00e1silek \u0159e\u0161en\u00ed kompletn\u00edch dopravn\u00edch projekt\u016f v\u010detn\u011b p\u0159epravn\u00edch povolen\u00ed spedi\u010dn\u00ed slu\u017eby &#8211; \u017eelezni\u010dn\u00ed a silni\u010dn\u00ed optimalizaci ulo\u017een\u00ed n\u00e1kladu na dopravn\u00ed prost\u0159edky p\u0159ekl\u00e1dku zbo\u017e\u00ed z voz\u016f \u0161irok\u00e9ho rozchodu p\u0159epravu zbo\u017e\u00ed v kontejnerech pron\u00e1jem \u017eelezni\u010dn\u00edch voz\u016f a lokomotiv<\/p>\n","protected":false},"author":1,"featured_media":66,"parent":0,"menu_order":0,"comment_status":"closed","ping_status":"closed","template":"","meta":{"footnotes":""},"class_list":["post-21","page","type-page","status-publish","has-post-thumbnail"],"_links":{"self":[{"href":"https:\/\/zxbenet.cz\/transrapid\/wp-json\/wp\/v2\/pages\/21","targetHints":{"allow":["GET"]}}],"collection":[{"href":"https:\/\/zxbenet.cz\/transrapid\/wp-json\/wp\/v2\/pages"}],"about":[{"href":"https:\/\/zxbenet.cz\/transrapid\/wp-json\/wp\/v2\/types\/page"}],"author":[{"embeddable":true,"href":"https:\/\/zxbenet.cz\/transrapid\/wp-json\/wp\/v2\/users\/1"}],"replies":[{"embeddable":true,"href":"https:\/\/zxbenet.cz\/transrapid\/wp-json\/wp\/v2\/comments?post=21"}],"version-history":[{"count":4,"href":"https:\/\/zxbenet.cz\/transrapid\/wp-json\/wp\/v2\/pages\/21\/revisions"}],"predecessor-version":[{"id":95,"href":"https:\/\/zxbenet.cz\/transrapid\/wp-json\/wp\/v2\/pages\/21\/revisions\/95"}],"wp:featuredmedia":[{"embeddable":true,"href":"https:\/\/zxbenet.cz\/transrapid\/wp-json\/wp\/v2\/media\/66"}],"wp:attachment":[{"href":"https:\/\/zxbenet.cz\/transrapid\/wp-json\/wp\/v2\/media?parent=21"}],"curies":[{"name":"wp","href":"https:\/\/api.w.org\/{rel}","templated":true}]}}